{"id":1693,"date":"2021-05-06T10:06:25","date_gmt":"2021-05-06T08:06:25","guid":{"rendered":"https:\/\/newsite.clearmedia.be\/?page_id=1693"},"modified":"2022-07-20T16:24:43","modified_gmt":"2022-07-20T14:24:43","slug":"algemene-voorwaarden","status":"publish","type":"page","link":"https:\/\/www.clearmedia.be\/nl\/algemene-voorwaarden\/","title":{"rendered":"Algemene Voorwaarden"},"content":{"rendered":"<h1>Algemene Voorwaarden<\/h1>\n<p>Uittreksel uit de algemene voorwaarden van ClearMedia.<\/p>\n<h3>Toepassingsgebied<\/h3>\n<p>De Overeenkomst die de Partijen bindt, bestaat uit de Bestelbon, de onderhavige Algemene voorwaarden, de Specifieke voorwaarden en eventueel het Formulier van betaalbaarstelling. Door het plaatsen van een bestelling aanvaardt de Klant deze Algemene voorwaarden zonder voorbehoud en ziet hij af van zijn eigen algemene voorwaarden, zelfs als deze verklaren als enige van toepassing te zijn.<\/p>\n<h3>Duur<\/h3>\n<p>De Overeenkomst treedt in werking op de datum dat ze wordt ondertekend door de Partijen. De Overeenkomst wordt gesloten voor een initi\u00eble periode, waarvan de duur en de begindatum worden vermeld op de Bestelbon.  De Overeenkomst zal op de vervaldag van de initi\u00eble periode automatisch worden verlengd voor opeenvolgende periodes van \u00e9\u00e9n jaar, tenzij een Partij de Overeenkomst op het einde van de contractueel overeengekomen periode opzegt met een opzeggingstermijn van \u00e9\u00e9n (1) maand en per aangetekende brief. Iedere Partij heeft het recht om de Overeenkomst te allen tijde per met redenen omklede aangetekende brief te be\u00ebindigen met ogenblikkelijke uitwerking en zonder tussenkomst van een rechtbank ingeval een van beide Partijen niet naleeft haar contractuele verplichtingen.  De Overeenkomst wordt automatisch be\u00ebindigd indien een van de Partijen haar activiteiten stopzet, insolvabel wordt of failliet gaat of in een soortgelijke procedure verwikkeld is.<\/p>\n<h3>Prijs<\/h3>\n<p>De diensten en producten worden gefactureerd tegen de prijzen vermeld op de Bestelbon. De aanvullende diensten en producten zullen worden gefactureerd volgens de prijslijst van kracht op het ogenblik van de aanvullende bestelling. Behoudens uitdrukkelijk andersluidende, schriftelijke en voorafgaande overeenkomst zijn de prijzen steeds exclusief btw, verplaatsingskosten, hotels, maaltijden en andere heffingen en uitgaven. Deze kosten zullen tegen kostprijs aan de Klant gefactureerd worden. De kosten voor de interventie van een technicus of voor interventies na het vervallen van de waarborg zullen per uur aan de Klant worden aangerekend tegen de op dat ogenblik geldende tarieven. De duur van de interventie zal worden afgerond per begonnen uur. In geval van verhoging van de tarieven van zijn leveranciers behoudt ClearMedia zich het recht voor deze verhoging door te rekenen aan de Klant. ClearMedia zal de Klant daarvan minstens \u00e9\u00e9n maand voor de inwerkingtreding van de nieuwe prijzen in kennis stellen. De Klant zal de mogelijkheid hebben de Overeenkomst zonder schadevergoeding op te zeggen, voor zover hij zijn weigering van de nieuwe prijzen binnen 15 dagen na de kennisgeving van de verhoging kenbaar maakt per aangetekende brief.<\/p>\n<h3>Betaling<\/h3>\n<p>Alle facturen van ClearMedia zijn betaalbaar binnen 14 kalenderdagen na factuurdatum in euro en op de rekening van ClearMedia NV bij BNP Paribas Fortis Bank met nummer BE68 001628594634. Bij niet-betaling van de factuur binnen de bovenstaande termijn zal de Klant van rechtswege en zonder voorafgaande ingebrekestelling een verwijlintrest verschuldigd zijn ten belope van 1,5% per maand, waarbij elke begonnen maand als een volledige maand wordt beschouwd, alsook een forfaitaire vergoeding ten belope van 20% van het factuurbedrag met een minimum van 65 EUR, onverminderd het recht van ClearMedia om een hogere schadevergoeding te vorderen als haar schade hoger ligt dan dit forfaitaire bedrag. Indien de Klant het verschuldigde bedrag niet betaalt binnen vijftien dagen na het versturen van een herinnering, heeft ClearMedia het recht om de uitvoering van de Overeenkomst op te schorten tot het ogenblik van volledige betaling, of de Overeenkomst als be\u00ebindigd te beschouwen zonder verdere ingebrekestelling en zonder dat een gerechtelijke procedure werd ingesteld. In beide gevallen kan ClearMedia van de Klant de volledige betaling van alle schade vorderen. Iedere klacht in verband met de gefactureerde bedragen moet ClearMedia per aangetekende brief bereiken binnen 8 kalenderdagen na de datum van de factuur. Indien dat niet het geval is, wordt de factuur verondersteld onherroepelijk en volledig aanvaard te zijn. Geen enkele klacht of betwisting geeft de Klant het recht zich te onttrekken aan zijn eigen verbintenissen t.o.v. ClearMedia, met inbegrip van zijn betalingsverplichting.<\/p>\n<h3>Waarborgen<\/h3>\n<p>De producten (met inbegrip van de software) worden door de fabrikant gewaarborgd onder de voorwaarden bedoeld in de Specifieke voorwaarden die betrekking hebben op de producten in kwestie.  ClearMedia kan niet aansprakelijk worden gesteld voor de weigering van de fabrikant de waarborg toe te passen. Evenmin kan ClearMedia, in geval van tekortkoming vanwege de fabrikant wegens gelijk welke oorzaak, worden verplicht in de plaats van de fabrikant te treden.  Op straffe van verval moet iedere oproeping in vrijwaring binnen 8 kalenderdagen na de vaststelling van het probleem per aangetekende brief gemeld worden.<\/p>\n<h3>Aansprakelijkheid<\/h3>\n<p>ClearMedia kan slechts binnen de volgende perken aansprakelijk worden gesteld voor schade die het heeft veroorzaakt bij de uitvoering van de Overeenkomst:rn* ClearMedia is slechts aansprakelijk voor de herstelling van voorzienbare, directe, persoonlijke en zekere schade die de Klant heeft geleden, met uitsluiting van de herstelling van alle indirecte of immateri\u00eble schade zoals bijkomende uitgaven, winstderving, verlies van winst, verlies van klanten, verlies of beschadiging van gegevens, verlies van contracten, tijdverlies, onderbreking van de bedrijfsactiviteiten, enz. of schade ten gevolge van een verstoring van de commerci\u00eble activiteit.rn* De aansprakelijkheid van ClearMedia zal steeds beperkt zijn tot het totaalbedrag dat de Klant aan ClearMedia betaald heeft voor de betrokken diensten en\/of producten in de loop van de 12 maanden voorafgaand aan de oorzaak van de schade. De aansprakelijkheid van ClearMedia blijft niettemin onbeperkt in geval van overlijden of lichamelijke schade.<\/p>\n<h3>Diverse bepalingen<\/h3>\n<p>Deze Overeenkomst wordt beheerst door het Belgisch recht. In geval van een betwisting met betrekking tot de interpretatie, de geldigheid, de uitvoering en\/of de be\u00ebindiging van de Overeenkomst die niet in der minne kan worden geschikt, zullen de hoven en rechtbanken van Antwerpen als enige bevoegd zijn.<\/p>\n","protected":false},"excerpt":{"rendered":"<p>Algemene Voorwaarden Uittreksel uit de algemene voorwaarden van ClearMedia. Toepassingsgebied De Overeenkomst die de Partijen bindt, bestaat uit de Bestelbon, de onderhavige Algemene voorwaarden, de Specifieke voorwaarden en eventueel het Formulier van betaalbaarstelling. Door het plaatsen van een bestelling aanvaardt de Klant deze Algemene voorwaarden zonder voorbehoud en ziet hij af van zijn eigen algemene [&hellip;]<\/p>\n","protected":false},"author":1,"featured_media":0,"parent":0,"menu_order":0,"comment_status":"closed","ping_status":"closed","template":"","meta":{"_acf_changed":false,"footnotes":""},"class_list":["post-1693","page","type-page","status-publish","hentry"],"acf":[],"yoast_head":"<!-- This site is optimized with the Yoast SEO plugin v27.4 - https:\/\/yoast.com\/product\/yoast-seo-wordpress\/ -->\n<title>Algemene Voorwaarden - Op zoek naar de Algemene Voorwaarden?<\/title>\n<meta name=\"description\" content=\"Algemene Voorwaarden - Op zoek naar de Algemene Voorwaarden? ClearMedia biedt volledige ondersteuning en advies op maat van de KMO.\" \/>\n<meta name=\"robots\" content=\"index, follow, max-snippet:-1, max-image-preview:large, max-video-preview:-1\" \/>\n<link rel=\"canonical\" href=\"https:\/\/www.clearmedia.be\/nl\/algemene-voorwaarden\/\" \/>\n<meta property=\"og:locale\" content=\"nl_NL\" \/>\n<meta property=\"og:type\" content=\"article\" \/>\n<meta property=\"og:title\" content=\"Algemene Voorwaarden - Op zoek naar de Algemene Voorwaarden?\" \/>\n<meta property=\"og:description\" content=\"Algemene Voorwaarden - Op zoek naar de Algemene Voorwaarden? ClearMedia biedt volledige ondersteuning en advies op maat van de KMO.\" \/>\n<meta property=\"og:url\" content=\"https:\/\/www.clearmedia.be\/nl\/algemene-voorwaarden\/\" \/>\n<meta property=\"og:site_name\" content=\"ClearMedia\" \/>\n<meta property=\"article:publisher\" content=\"https:\/\/www.facebook.com\/ClearMediaCloud\/\" \/>\n<meta property=\"article:modified_time\" content=\"2022-07-20T14:24:43+00:00\" \/>\n<meta property=\"og:image\" content=\"https:\/\/www.clearmedia.be\/wp-content\/uploads\/2021\/06\/17626225_1364945856899212_4637694351385459354_n.png\" \/>\n\t<meta property=\"og:image:width\" content=\"816\" \/>\n\t<meta property=\"og:image:height\" content=\"816\" \/>\n\t<meta property=\"og:image:type\" content=\"image\/png\" \/>\n<meta name=\"twitter:card\" content=\"summary_large_image\" \/>\n<meta name=\"twitter:label1\" content=\"Geschatte leestijd\" \/>\n\t<meta name=\"twitter:data1\" content=\"5 minuten\" \/>\n<script type=\"application\/ld+json\" class=\"yoast-schema-graph\">{\"@context\":\"https:\\\/\\\/schema.org\",\"@graph\":[{\"@type\":\"WebPage\",\"@id\":\"https:\\\/\\\/www.clearmedia.be\\\/nl\\\/algemene-voorwaarden\\\/\",\"url\":\"https:\\\/\\\/www.clearmedia.be\\\/nl\\\/algemene-voorwaarden\\\/\",\"name\":\"Algemene Voorwaarden - Op zoek naar de Algemene Voorwaarden?\",\"isPartOf\":{\"@id\":\"https:\\\/\\\/www.clearmedia.be\\\/nl\\\/#website\"},\"datePublished\":\"2021-05-06T08:06:25+00:00\",\"dateModified\":\"2022-07-20T14:24:43+00:00\",\"description\":\"Algemene Voorwaarden - Op zoek naar de Algemene Voorwaarden? ClearMedia biedt volledige ondersteuning en advies op maat van de KMO.\",\"breadcrumb\":{\"@id\":\"https:\\\/\\\/www.clearmedia.be\\\/nl\\\/algemene-voorwaarden\\\/#breadcrumb\"},\"inLanguage\":\"nl-NL\",\"potentialAction\":[{\"@type\":\"ReadAction\",\"target\":[\"https:\\\/\\\/www.clearmedia.be\\\/nl\\\/algemene-voorwaarden\\\/\"]}]},{\"@type\":\"BreadcrumbList\",\"@id\":\"https:\\\/\\\/www.clearmedia.be\\\/nl\\\/algemene-voorwaarden\\\/#breadcrumb\",\"itemListElement\":[{\"@type\":\"ListItem\",\"position\":1,\"name\":\"Home\",\"item\":\"https:\\\/\\\/www.clearmedia.be\\\/nl\\\/\"},{\"@type\":\"ListItem\",\"position\":2,\"name\":\"Algemene Voorwaarden\"}]},{\"@type\":\"WebSite\",\"@id\":\"https:\\\/\\\/www.clearmedia.be\\\/nl\\\/#website\",\"url\":\"https:\\\/\\\/www.clearmedia.be\\\/nl\\\/\",\"name\":\"ClearMedia\",\"description\":\"Refresh ClearMedia Website\",\"publisher\":{\"@id\":\"https:\\\/\\\/www.clearmedia.be\\\/nl\\\/#organization\"},\"potentialAction\":[{\"@type\":\"SearchAction\",\"target\":{\"@type\":\"EntryPoint\",\"urlTemplate\":\"https:\\\/\\\/www.clearmedia.be\\\/nl\\\/?s={search_term_string}\"},\"query-input\":{\"@type\":\"PropertyValueSpecification\",\"valueRequired\":true,\"valueName\":\"search_term_string\"}}],\"inLanguage\":\"nl-NL\"},{\"@type\":\"Organization\",\"@id\":\"https:\\\/\\\/www.clearmedia.be\\\/nl\\\/#organization\",\"name\":\"ClearMedia\",\"url\":\"https:\\\/\\\/www.clearmedia.be\\\/nl\\\/\",\"logo\":{\"@type\":\"ImageObject\",\"inLanguage\":\"nl-NL\",\"@id\":\"https:\\\/\\\/www.clearmedia.be\\\/nl\\\/#\\\/schema\\\/logo\\\/image\\\/\",\"url\":\"https:\\\/\\\/www.clearmedia.be\\\/wp-content\\\/uploads\\\/2021\\\/06\\\/17626225_1364945856899212_4637694351385459354_n.png\",\"contentUrl\":\"https:\\\/\\\/www.clearmedia.be\\\/wp-content\\\/uploads\\\/2021\\\/06\\\/17626225_1364945856899212_4637694351385459354_n.png\",\"width\":816,\"height\":816,\"caption\":\"ClearMedia\"},\"image\":{\"@id\":\"https:\\\/\\\/www.clearmedia.be\\\/nl\\\/#\\\/schema\\\/logo\\\/image\\\/\"},\"sameAs\":[\"https:\\\/\\\/www.facebook.com\\\/ClearMediaCloud\\\/\",\"https:\\\/\\\/www.linkedin.com\\\/company\\\/clearmedia\\\/\"]}]}<\/script>\n<!-- \/ Yoast SEO plugin. -->","yoast_head_json":{"title":"Algemene Voorwaarden - Op zoek naar de Algemene Voorwaarden?","description":"Algemene Voorwaarden - Op zoek naar de Algemene Voorwaarden? ClearMedia biedt volledige ondersteuning en advies op maat van de KMO.","robots":{"index":"index","follow":"follow","max-snippet":"max-snippet:-1","max-image-preview":"max-image-preview:large","max-video-preview":"max-video-preview:-1"},"canonical":"https:\/\/www.clearmedia.be\/nl\/algemene-voorwaarden\/","og_locale":"nl_NL","og_type":"article","og_title":"Algemene Voorwaarden - Op zoek naar de Algemene Voorwaarden?","og_description":"Algemene Voorwaarden - Op zoek naar de Algemene Voorwaarden? ClearMedia biedt volledige ondersteuning en advies op maat van de KMO.","og_url":"https:\/\/www.clearmedia.be\/nl\/algemene-voorwaarden\/","og_site_name":"ClearMedia","article_publisher":"https:\/\/www.facebook.com\/ClearMediaCloud\/","article_modified_time":"2022-07-20T14:24:43+00:00","og_image":[{"width":816,"height":816,"url":"https:\/\/www.clearmedia.be\/wp-content\/uploads\/2021\/06\/17626225_1364945856899212_4637694351385459354_n.png","type":"image\/png"}],"twitter_card":"summary_large_image","twitter_misc":{"Geschatte leestijd":"5 minuten"},"schema":{"@context":"https:\/\/schema.org","@graph":[{"@type":"WebPage","@id":"https:\/\/www.clearmedia.be\/nl\/algemene-voorwaarden\/","url":"https:\/\/www.clearmedia.be\/nl\/algemene-voorwaarden\/","name":"Algemene Voorwaarden - Op zoek naar de Algemene Voorwaarden?","isPartOf":{"@id":"https:\/\/www.clearmedia.be\/nl\/#website"},"datePublished":"2021-05-06T08:06:25+00:00","dateModified":"2022-07-20T14:24:43+00:00","description":"Algemene Voorwaarden - Op zoek naar de Algemene Voorwaarden? ClearMedia biedt volledige ondersteuning en advies op maat van de KMO.","breadcrumb":{"@id":"https:\/\/www.clearmedia.be\/nl\/algemene-voorwaarden\/#breadcrumb"},"inLanguage":"nl-NL","potentialAction":[{"@type":"ReadAction","target":["https:\/\/www.clearmedia.be\/nl\/algemene-voorwaarden\/"]}]},{"@type":"BreadcrumbList","@id":"https:\/\/www.clearmedia.be\/nl\/algemene-voorwaarden\/#breadcrumb","itemListElement":[{"@type":"ListItem","position":1,"name":"Home","item":"https:\/\/www.clearmedia.be\/nl\/"},{"@type":"ListItem","position":2,"name":"Algemene Voorwaarden"}]},{"@type":"WebSite","@id":"https:\/\/www.clearmedia.be\/nl\/#website","url":"https:\/\/www.clearmedia.be\/nl\/","name":"ClearMedia","description":"Refresh ClearMedia Website","publisher":{"@id":"https:\/\/www.clearmedia.be\/nl\/#organization"},"potentialAction":[{"@type":"SearchAction","target":{"@type":"EntryPoint","urlTemplate":"https:\/\/www.clearmedia.be\/nl\/?s={search_term_string}"},"query-input":{"@type":"PropertyValueSpecification","valueRequired":true,"valueName":"search_term_string"}}],"inLanguage":"nl-NL"},{"@type":"Organization","@id":"https:\/\/www.clearmedia.be\/nl\/#organization","name":"ClearMedia","url":"https:\/\/www.clearmedia.be\/nl\/","logo":{"@type":"ImageObject","inLanguage":"nl-NL","@id":"https:\/\/www.clearmedia.be\/nl\/#\/schema\/logo\/image\/","url":"https:\/\/www.clearmedia.be\/wp-content\/uploads\/2021\/06\/17626225_1364945856899212_4637694351385459354_n.png","contentUrl":"https:\/\/www.clearmedia.be\/wp-content\/uploads\/2021\/06\/17626225_1364945856899212_4637694351385459354_n.png","width":816,"height":816,"caption":"ClearMedia"},"image":{"@id":"https:\/\/www.clearmedia.be\/nl\/#\/schema\/logo\/image\/"},"sameAs":["https:\/\/www.facebook.com\/ClearMediaCloud\/","https:\/\/www.linkedin.com\/company\/clearmedia\/"]}]}},"_links":{"self":[{"href":"https:\/\/www.clearmedia.be\/nl\/wp-json\/wp\/v2\/pages\/1693","targetHints":{"allow":["GET"]}}],"collection":[{"href":"https:\/\/www.clearmedia.be\/nl\/wp-json\/wp\/v2\/pages"}],"about":[{"href":"https:\/\/www.clearmedia.be\/nl\/wp-json\/wp\/v2\/types\/page"}],"author":[{"embeddable":true,"href":"https:\/\/www.clearmedia.be\/nl\/wp-json\/wp\/v2\/users\/1"}],"replies":[{"embeddable":true,"href":"https:\/\/www.clearmedia.be\/nl\/wp-json\/wp\/v2\/comments?post=1693"}],"version-history":[{"count":9,"href":"https:\/\/www.clearmedia.be\/nl\/wp-json\/wp\/v2\/pages\/1693\/revisions"}],"predecessor-version":[{"id":3974,"href":"https:\/\/www.clearmedia.be\/nl\/wp-json\/wp\/v2\/pages\/1693\/revisions\/3974"}],"wp:attachment":[{"href":"https:\/\/www.clearmedia.be\/nl\/wp-json\/wp\/v2\/media?parent=1693"}],"curies":[{"name":"wp","href":"https:\/\/api.w.org\/{rel}","templated":true}]}}