{"id":3975,"date":"2021-09-21T14:12:26","date_gmt":"2021-09-21T12:12:26","guid":{"rendered":"https:\/\/www.clearmedia.be\/?page_id=3975"},"modified":"2021-09-21T14:18:38","modified_gmt":"2021-09-21T12:18:38","slug":"conditions-generales","status":"publish","type":"page","link":"https:\/\/www.clearmedia.be\/fr\/conditions-generales\/","title":{"rendered":"Conditions G\u00e9n\u00e9rales"},"content":{"rendered":"<h1>Conditions G\u00e9n\u00e9rales<\/h1>\n<p>\t\tExtrait des conditions g\u00e9n\u00e9rales de ClearMedia\t\t<\/p>\n<h3>Champ d\u2019application<\/h3>\n<p>\t\tLe contrat qui lie les parties se compose du bon de commande, des pr\u00e9sentes conditions g\u00e9n\u00e9rales, des conditions sp\u00e9cifiques et \u00e9ventuellement du formulaire<br \/>\nde liquidation. Toute commande implique l\u2019acceptation sans r\u00e9serve par le client des pr\u00e9sentes conditions g\u00e9n\u00e9rales et la renonciation \u00e0 ses propres conditions<br \/>\ng\u00e9n\u00e9rales, m\u00eame si celles-ci stipulent \u00eatre les seules applicables.\t\t<\/p>\n<h3>Dur\u00e9e<\/h3>\n<p>\t\tLe contrat entre en vigueur \u00e0 la date de sa signature par les parties. Le contrat est conclu pour une p\u00e9riode initiale, dont la dur\u00e9e et la date de d\u00e9but sont<br \/>\nmentionn\u00e9es sur le bon de commande.<br \/>\nLe contrat sera automatiquement reconduit, \u00e0 l\u2019\u00e9ch\u00e9ance de la p\u00e9riode initiale pour des p\u00e9riodes successives d\u2019un an, \u00e0 moins que l\u2019une des parties ne r\u00e9silie le<br \/>\ncontrat, au terme de la dur\u00e9e convenue contractuellement, moyennant la notification d\u2019un d\u00e9lai de pr\u00e9avis d\u2019un (1) mois par lettre recommand\u00e9e.<br \/>\nSi l\u2019une des parties ne respecte pas ses obligations contractuelles, chacune des parties a le droit de mettre fin au contrat \u00e0 tout moment, par lettre<br \/>\nrecommand\u00e9e d\u00fbment motiv\u00e9e, avec effet imm\u00e9diat et sans intervention d\u2019un tribunal.<br \/>\nIl est mis fin automatiquement au contrat si l\u2019une des parties cesse ses activit\u00e9s, devient insolvable ou fait faillite, ou est impliqu\u00e9e dans une proc\u00e9dure similaire.\t\t<\/p>\n<h3>Prix<\/h3>\n<p>\t\tLes services et produits sont factur\u00e9s aux prix mentionn\u00e9s sur le bon de commande. Les services et produits suppl\u00e9mentaires seront factur\u00e9s sur la base de la<br \/>\nliste des prix en vigueur au moment de la commande suppl\u00e9mentaire.<br \/>\nSauf convention contraire expresse, \u00e9crite et pr\u00e9alable, les prix s\u2019entendent toujours hors TVA, frais de d\u00e9placement, h\u00f4tels, repas et autres pr\u00e9l\u00e8vements et<br \/>\nd\u00e9penses. Ces frais seront factur\u00e9s au client \u00e0 prix co\u00fbtant. Les frais relatifs \u00e0 l\u2019intervention d\u2019un technicien ou relatifs aux interventions apr\u00e8s expiration de la<br \/>\ngarantie seront factur\u00e9s au client par heure aux tarifs en vigueur \u00e0 ce moment-l\u00e0. La dur\u00e9e de l\u2019intervention sera arrondie par heure entam\u00e9e.<br \/>\nEn cas d\u2019augmentation des tarifs de ses fournisseurs, ClearMedia se r\u00e9serve le droit de r\u00e9percuter cette augmentation au client. ClearMedia en avisera le client<br \/>\nau moins un mois avant l\u2019entr\u00e9e en vigueur des nouveaux tarifs. Le client aura la possibilit\u00e9 de r\u00e9silier le contrat sans dommages et int\u00e9r\u00eats, pour autant qu\u2019il<br \/>\nsignifie son refus des nouveaux tarifs dans les 15 jours de la notification de l\u2019augmentation par lettre recommand\u00e9e.\t\t<\/p>\n<h3>Paiement<\/h3>\n<p>\t\tToutes les factures de ClearMedia sont payables dans les 14 jours calendrier suivant la date de facturation, en euros et sur le compte num\u00e9ro<br \/>\nBE68 001628594634 de la SA ClearMedia aupr\u00e8s de la banque BNP Paribas Fortis. \u00c0 d\u00e9faut de paiement de la facture dans le d\u00e9lai pr\u00e9cit\u00e9, le client sera<br \/>\nredevable, de plein droit et sans mise en demeure pr\u00e9alable, d\u2019un int\u00e9r\u00eat de retard \u00e0 concurrence de 1,5 % par mois, tout mois entam\u00e9 \u00e9tant consid\u00e9r\u00e9 comme<br \/>\nun mois complet, ainsi que d\u2019une indemnit\u00e9 forfaitaire correspondant \u00e0 20 % du montant de la facture, avec un minimum de 65 euros,<br \/>\nsans pr\u00e9judice du droit de ClearMedia de r\u00e9clamer une indemnisation plus \u00e9lev\u00e9e si son pr\u00e9judice est plus important que ce montant forfaitaire.<br \/>\nSi le client ne paie pas le montant d\u00fb dans les quinze jours suivant l\u2019envoi d\u2019un rappel, ClearMedia a le droit de suspendre l\u2019ex\u00e9cution du contrat jusqu\u2019au<br \/>\npaiement complet ou de consid\u00e9rer le contrat comme r\u00e9sili\u00e9 sans autre mise en demeure et sans qu\u2019une proc\u00e9dure judiciaire ne soit engag\u00e9e. Dans les deux cas,<br \/>\nClearMedia peut r\u00e9clamer au client le paiement complet de tous les dommages.<br \/>\nToute plainte relative aux montants factur\u00e9s doit \u00eatre notifi\u00e9e \u00e0 ClearMedia par lettre recommand\u00e9e dans les 8 jours calendrier suivant la date de facturation. Si<br \/>\nce n\u2019est pas le cas, la facture est r\u00e9put\u00e9e accept\u00e9e irr\u00e9vocablement et enti\u00e8rement. Aucune r\u00e9clamation ou contestation ne donne le droit au client de se<br \/>\nsoustraire \u00e0 ses engagements \u00e0 l\u2019\u00e9gard de ClearMedia, y compris \u00e0 son obligation de paiement.\t\t<\/p>\n<h3>Garanties<\/h3>\n<p>\t\tLes produits (en ce compris les logiciels) sont garantis par le fabriquant dans les conditions vis\u00e9es dans les conditions particuli\u00e8res relatives auxdits produits.<br \/>\nClearMedia ne peut \u00eatre tenue responsable du refus du fabriquant d\u2019appliquer sa garantie. De m\u00eame, en cas de manquement de la part du fabriquant pour<br \/>\nquelque raison que ce soit, ClearMedia ne pourra \u00eatre appel\u00e9e \u00e0 se substituer au fabriquant.<br \/>\n\u00c0 peine de d\u00e9ch\u00e9ance, tout appel en garantie doit \u00eatre notifi\u00e9 par lettre recommand\u00e9e dans les 8 jours calendrier suivant la constatation du probl\u00e8me.\t\t<\/p>\n<h3>Responsabilit\u00e9<\/h3>\n<p>\t\tClearMedia ne peut \u00eatre tenue responsable des dommages caus\u00e9s par sa faute dans l\u2019ex\u00e9cution du contrat que dans les limites suivantes :<\/p>\n<ul>\n<li>\nClearMedia est responsable de la r\u00e9paration des seuls dommages pr\u00e9visibles, directs, personnels et certains subis par le client, \u00e0 l\u2019exclusion de la r\u00e9paration<br \/>\nde tous dommages indirects ou immat\u00e9riels, tels que les d\u00e9penses suppl\u00e9mentaires, le manques \u00e0 gagner, la perte de b\u00e9n\u00e9fices, la perte de client\u00e8le, la perte ou<br \/>\nla d\u00e9t\u00e9rioration de donn\u00e9es, la perte de contrats, la perte de temps, l\u2019interruption des activit\u00e9s d\u2019exploitation, etc. ou les dommages caus\u00e9s par une<br \/>\nperturbation de l\u2019activit\u00e9 commerciale.<\/li>\n<li>\nLa responsabilit\u00e9 de ClearMedia sera toujours limit\u00e9e au montant total que le client a pay\u00e9 \u00e0 ClearMedia pour les services et\/ou produits concern\u00e9s au cours<br \/>\ndes 12 mois pr\u00e9c\u00e9dant l\u2019origine du dommage. La responsabilit\u00e9 de ClearMedia reste toutefois illimit\u00e9e en cas de d\u00e9c\u00e8s ou de dommages corporels.<\/li>\n<\/ul>\n<h3>Dispositions diverses<\/h3>\n<p>\t\tLe pr\u00e9sent contrat est r\u00e9gi par le droit belge. En cas de contestation relative \u00e0 l\u2019interpr\u00e9tation, la validit\u00e9, l\u2019ex\u00e9cution et\/ou la r\u00e9siliation du contrat qui ne peut<br \/>\n\u00eatre r\u00e9gl\u00e9e \u00e0 l\u2019amiable, les cours et tribunaux d\u2019Anvers sont seuls comp\u00e9tents.<\/p>\n","protected":false},"excerpt":{"rendered":"<p>Conditions G\u00e9n\u00e9rales Extrait des conditions g\u00e9n\u00e9rales de ClearMedia Champ d\u2019application Le contrat qui lie les parties se compose du bon de commande, des pr\u00e9sentes conditions g\u00e9n\u00e9rales, des conditions sp\u00e9cifiques et \u00e9ventuellement du formulaire de liquidation. Toute commande implique l\u2019acceptation sans r\u00e9serve par le client des pr\u00e9sentes conditions g\u00e9n\u00e9rales et la renonciation \u00e0 ses propres conditions [&hellip;]<\/p>\n","protected":false},"author":1,"featured_media":0,"parent":0,"menu_order":0,"comment_status":"closed","ping_status":"closed","template":"","meta":{"_acf_changed":false,"footnotes":""},"class_list":["post-3975","page","type-page","status-publish","hentry"],"acf":[],"yoast_head":"<!-- This site is optimized with the Yoast SEO plugin v27.4 - https:\/\/yoast.com\/product\/yoast-seo-wordpress\/ -->\n<title>Conditions G\u00e9n\u00e9rales - ClearMedia<\/title>\n<meta name=\"robots\" content=\"index, follow, max-snippet:-1, max-image-preview:large, max-video-preview:-1\" \/>\n<link rel=\"canonical\" href=\"https:\/\/www.clearmedia.be\/fr\/conditions-generales\/\" \/>\n<meta property=\"og:locale\" content=\"fr_FR\" \/>\n<meta property=\"og:type\" content=\"article\" \/>\n<meta property=\"og:title\" content=\"Conditions G\u00e9n\u00e9rales - ClearMedia\" \/>\n<meta property=\"og:description\" content=\"Conditions G\u00e9n\u00e9rales Extrait des conditions g\u00e9n\u00e9rales de ClearMedia Champ d\u2019application Le contrat qui lie les parties se compose du bon de commande, des pr\u00e9sentes conditions g\u00e9n\u00e9rales, des conditions sp\u00e9cifiques et \u00e9ventuellement du formulaire de liquidation. Toute commande implique l\u2019acceptation sans r\u00e9serve par le client des pr\u00e9sentes conditions g\u00e9n\u00e9rales et la renonciation \u00e0 ses propres conditions [&hellip;]\" \/>\n<meta property=\"og:url\" content=\"https:\/\/www.clearmedia.be\/fr\/conditions-generales\/\" \/>\n<meta property=\"og:site_name\" content=\"ClearMedia\" \/>\n<meta property=\"article:publisher\" content=\"https:\/\/www.facebook.com\/ClearMediaCloud\/\" \/>\n<meta property=\"article:modified_time\" content=\"2021-09-21T12:18:38+00:00\" \/>\n<meta property=\"og:image\" content=\"https:\/\/www.clearmedia.be\/wp-content\/uploads\/2021\/06\/17626225_1364945856899212_4637694351385459354_n.png\" \/>\n\t<meta property=\"og:image:width\" content=\"816\" \/>\n\t<meta property=\"og:image:height\" content=\"816\" \/>\n\t<meta property=\"og:image:type\" content=\"image\/png\" \/>\n<meta name=\"twitter:card\" content=\"summary_large_image\" \/>\n<meta name=\"twitter:label1\" content=\"Dur\u00e9e de lecture estim\u00e9e\" \/>\n\t<meta name=\"twitter:data1\" content=\"5 minutes\" \/>\n<script type=\"application\/ld+json\" class=\"yoast-schema-graph\">{\"@context\":\"https:\\\/\\\/schema.org\",\"@graph\":[{\"@type\":\"WebPage\",\"@id\":\"https:\\\/\\\/www.clearmedia.be\\\/fr\\\/conditions-generales\\\/\",\"url\":\"https:\\\/\\\/www.clearmedia.be\\\/fr\\\/conditions-generales\\\/\",\"name\":\"Conditions G\u00e9n\u00e9rales - ClearMedia\",\"isPartOf\":{\"@id\":\"https:\\\/\\\/www.clearmedia.be\\\/nl\\\/#website\"},\"datePublished\":\"2021-09-21T12:12:26+00:00\",\"dateModified\":\"2021-09-21T12:18:38+00:00\",\"breadcrumb\":{\"@id\":\"https:\\\/\\\/www.clearmedia.be\\\/fr\\\/conditions-generales\\\/#breadcrumb\"},\"inLanguage\":\"fr-FR\",\"potentialAction\":[{\"@type\":\"ReadAction\",\"target\":[\"https:\\\/\\\/www.clearmedia.be\\\/fr\\\/conditions-generales\\\/\"]}]},{\"@type\":\"BreadcrumbList\",\"@id\":\"https:\\\/\\\/www.clearmedia.be\\\/fr\\\/conditions-generales\\\/#breadcrumb\",\"itemListElement\":[{\"@type\":\"ListItem\",\"position\":1,\"name\":\"Home\",\"item\":\"https:\\\/\\\/www.clearmedia.be\\\/nl\\\/\"},{\"@type\":\"ListItem\",\"position\":2,\"name\":\"Conditions G\u00e9n\u00e9rales\"}]},{\"@type\":\"WebSite\",\"@id\":\"https:\\\/\\\/www.clearmedia.be\\\/nl\\\/#website\",\"url\":\"https:\\\/\\\/www.clearmedia.be\\\/nl\\\/\",\"name\":\"ClearMedia\",\"description\":\"Refresh ClearMedia Website\",\"publisher\":{\"@id\":\"https:\\\/\\\/www.clearmedia.be\\\/nl\\\/#organization\"},\"potentialAction\":[{\"@type\":\"SearchAction\",\"target\":{\"@type\":\"EntryPoint\",\"urlTemplate\":\"https:\\\/\\\/www.clearmedia.be\\\/nl\\\/?s={search_term_string}\"},\"query-input\":{\"@type\":\"PropertyValueSpecification\",\"valueRequired\":true,\"valueName\":\"search_term_string\"}}],\"inLanguage\":\"fr-FR\"},{\"@type\":\"Organization\",\"@id\":\"https:\\\/\\\/www.clearmedia.be\\\/nl\\\/#organization\",\"name\":\"ClearMedia\",\"url\":\"https:\\\/\\\/www.clearmedia.be\\\/nl\\\/\",\"logo\":{\"@type\":\"ImageObject\",\"inLanguage\":\"fr-FR\",\"@id\":\"https:\\\/\\\/www.clearmedia.be\\\/nl\\\/#\\\/schema\\\/logo\\\/image\\\/\",\"url\":\"https:\\\/\\\/www.clearmedia.be\\\/wp-content\\\/uploads\\\/2021\\\/06\\\/17626225_1364945856899212_4637694351385459354_n.png\",\"contentUrl\":\"https:\\\/\\\/www.clearmedia.be\\\/wp-content\\\/uploads\\\/2021\\\/06\\\/17626225_1364945856899212_4637694351385459354_n.png\",\"width\":816,\"height\":816,\"caption\":\"ClearMedia\"},\"image\":{\"@id\":\"https:\\\/\\\/www.clearmedia.be\\\/nl\\\/#\\\/schema\\\/logo\\\/image\\\/\"},\"sameAs\":[\"https:\\\/\\\/www.facebook.com\\\/ClearMediaCloud\\\/\",\"https:\\\/\\\/www.linkedin.com\\\/company\\\/clearmedia\\\/\"]}]}<\/script>\n<!-- \/ Yoast SEO plugin. -->","yoast_head_json":{"title":"Conditions G\u00e9n\u00e9rales - ClearMedia","robots":{"index":"index","follow":"follow","max-snippet":"max-snippet:-1","max-image-preview":"max-image-preview:large","max-video-preview":"max-video-preview:-1"},"canonical":"https:\/\/www.clearmedia.be\/fr\/conditions-generales\/","og_locale":"fr_FR","og_type":"article","og_title":"Conditions G\u00e9n\u00e9rales - ClearMedia","og_description":"Conditions G\u00e9n\u00e9rales Extrait des conditions g\u00e9n\u00e9rales de ClearMedia Champ d\u2019application Le contrat qui lie les parties se compose du bon de commande, des pr\u00e9sentes conditions g\u00e9n\u00e9rales, des conditions sp\u00e9cifiques et \u00e9ventuellement du formulaire de liquidation. Toute commande implique l\u2019acceptation sans r\u00e9serve par le client des pr\u00e9sentes conditions g\u00e9n\u00e9rales et la renonciation \u00e0 ses propres conditions [&hellip;]","og_url":"https:\/\/www.clearmedia.be\/fr\/conditions-generales\/","og_site_name":"ClearMedia","article_publisher":"https:\/\/www.facebook.com\/ClearMediaCloud\/","article_modified_time":"2021-09-21T12:18:38+00:00","og_image":[{"width":816,"height":816,"url":"https:\/\/www.clearmedia.be\/wp-content\/uploads\/2021\/06\/17626225_1364945856899212_4637694351385459354_n.png","type":"image\/png"}],"twitter_card":"summary_large_image","twitter_misc":{"Dur\u00e9e de lecture estim\u00e9e":"5 minutes"},"schema":{"@context":"https:\/\/schema.org","@graph":[{"@type":"WebPage","@id":"https:\/\/www.clearmedia.be\/fr\/conditions-generales\/","url":"https:\/\/www.clearmedia.be\/fr\/conditions-generales\/","name":"Conditions G\u00e9n\u00e9rales - ClearMedia","isPartOf":{"@id":"https:\/\/www.clearmedia.be\/nl\/#website"},"datePublished":"2021-09-21T12:12:26+00:00","dateModified":"2021-09-21T12:18:38+00:00","breadcrumb":{"@id":"https:\/\/www.clearmedia.be\/fr\/conditions-generales\/#breadcrumb"},"inLanguage":"fr-FR","potentialAction":[{"@type":"ReadAction","target":["https:\/\/www.clearmedia.be\/fr\/conditions-generales\/"]}]},{"@type":"BreadcrumbList","@id":"https:\/\/www.clearmedia.be\/fr\/conditions-generales\/#breadcrumb","itemListElement":[{"@type":"ListItem","position":1,"name":"Home","item":"https:\/\/www.clearmedia.be\/nl\/"},{"@type":"ListItem","position":2,"name":"Conditions G\u00e9n\u00e9rales"}]},{"@type":"WebSite","@id":"https:\/\/www.clearmedia.be\/nl\/#website","url":"https:\/\/www.clearmedia.be\/nl\/","name":"ClearMedia","description":"Refresh ClearMedia Website","publisher":{"@id":"https:\/\/www.clearmedia.be\/nl\/#organization"},"potentialAction":[{"@type":"SearchAction","target":{"@type":"EntryPoint","urlTemplate":"https:\/\/www.clearmedia.be\/nl\/?s={search_term_string}"},"query-input":{"@type":"PropertyValueSpecification","valueRequired":true,"valueName":"search_term_string"}}],"inLanguage":"fr-FR"},{"@type":"Organization","@id":"https:\/\/www.clearmedia.be\/nl\/#organization","name":"ClearMedia","url":"https:\/\/www.clearmedia.be\/nl\/","logo":{"@type":"ImageObject","inLanguage":"fr-FR","@id":"https:\/\/www.clearmedia.be\/nl\/#\/schema\/logo\/image\/","url":"https:\/\/www.clearmedia.be\/wp-content\/uploads\/2021\/06\/17626225_1364945856899212_4637694351385459354_n.png","contentUrl":"https:\/\/www.clearmedia.be\/wp-content\/uploads\/2021\/06\/17626225_1364945856899212_4637694351385459354_n.png","width":816,"height":816,"caption":"ClearMedia"},"image":{"@id":"https:\/\/www.clearmedia.be\/nl\/#\/schema\/logo\/image\/"},"sameAs":["https:\/\/www.facebook.com\/ClearMediaCloud\/","https:\/\/www.linkedin.com\/company\/clearmedia\/"]}]}},"_links":{"self":[{"href":"https:\/\/www.clearmedia.be\/fr\/wp-json\/wp\/v2\/pages\/3975","targetHints":{"allow":["GET"]}}],"collection":[{"href":"https:\/\/www.clearmedia.be\/fr\/wp-json\/wp\/v2\/pages"}],"about":[{"href":"https:\/\/www.clearmedia.be\/fr\/wp-json\/wp\/v2\/types\/page"}],"author":[{"embeddable":true,"href":"https:\/\/www.clearmedia.be\/fr\/wp-json\/wp\/v2\/users\/1"}],"replies":[{"embeddable":true,"href":"https:\/\/www.clearmedia.be\/fr\/wp-json\/wp\/v2\/comments?post=3975"}],"version-history":[{"count":8,"href":"https:\/\/www.clearmedia.be\/fr\/wp-json\/wp\/v2\/pages\/3975\/revisions"}],"predecessor-version":[{"id":3983,"href":"https:\/\/www.clearmedia.be\/fr\/wp-json\/wp\/v2\/pages\/3975\/revisions\/3983"}],"wp:attachment":[{"href":"https:\/\/www.clearmedia.be\/fr\/wp-json\/wp\/v2\/media?parent=3975"}],"curies":[{"name":"wp","href":"https:\/\/api.w.org\/{rel}","templated":true}]}}